{"id":3737,"date":"2018-05-24T10:14:06","date_gmt":"2018-05-24T10:14:06","guid":{"rendered":"https:\/\/gidapaketi.com.tr\/bank-account-numbers\/"},"modified":"2023-01-04T14:15:40","modified_gmt":"2023-01-04T14:15:40","slug":"bank-account-numbers","status":"publish","type":"page","link":"https:\/\/gidapaketi.com.tr\/en\/bank-account-numbers\/","title":{"rendered":"Bank Account Numbers"},"content":{"rendered":"\t\t<div data-elementor-type=\"wp-post\" data-elementor-id=\"3737\" class=\"elementor elementor-3737 elementor-115\">\n\t\t\t\t\t\t<div class=\"elementor-inner\">\n\t\t\t\t<div class=\"elementor-section-wrap\">\n\t\t\t\t\t\t\t\t\t<section class=\"elementor-section elementor-top-section elementor-element elementor-element-2c65e04 elementor-section-boxed elementor-section-height-default elementor-section-height-default\" data-id=\"2c65e04\" data-element_type=\"section\">\n\t\t\t\t\t\t<div class=\"elementor-container elementor-column-gap-extended\">\n\t\t\t\t\t\t\t<div class=\"elementor-row\">\n\t\t\t\t\t<div class=\"elementor-column elementor-col-33 elementor-top-column elementor-element elementor-element-da17ec4 sc_layouts_column_icons_position_left\" data-id=\"da17ec4\" data-element_type=\"column\">\n\t\t\t<div class=\"elementor-column-wrap elementor-element-populated\">\n\t\t\t\t\t\t\t<div class=\"elementor-widget-wrap\">\n\t\t\t\t\t\t<div class=\"elementor-element elementor-element-3aa2513 elementor-widget elementor-widget-image\" data-id=\"3aa2513\" data-element_type=\"widget\" data-widget_type=\"image.default\">\n\t\t\t\t<div class=\"elementor-widget-container\">\n\t\t\t\t\t\t\t\t<div class=\"elementor-image\">\n\t\t\t\t\t\t\t\t\t\t\t\t<img decoding=\"async\" width=\"105\" height=\"35\" src=\"https:\/\/gidapaketi.com.tr\/wp-content\/uploads\/2022\/10\/banka_22.gif\" class=\"attachment-large size-large wp-image-2499\" alt=\"\" loading=\"lazy\" \/>\t\t\t\t\t\t\t\t\t\t\t\t\t\t<\/div>\n\t\t\t\t\t\t<\/div>\n\t\t\t\t<\/div>\n\t\t\t\t\t\t<\/div>\n\t\t\t\t\t<\/div>\n\t\t<\/div>\n\t\t\t\t<div class=\"elementor-column elementor-col-33 elementor-top-column elementor-element elementor-element-7947622 sc_layouts_column_icons_position_left\" data-id=\"7947622\" data-element_type=\"column\">\n\t\t\t<div class=\"elementor-column-wrap elementor-element-populated\">\n\t\t\t\t\t\t\t<div class=\"elementor-widget-wrap\">\n\t\t\t\t\t\t<div class=\"elementor-element elementor-element-1936277 elementor-widget elementor-widget-text-editor\" data-id=\"1936277\" data-element_type=\"widget\" data-widget_type=\"text-editor.default\">\n\t\t\t\t<div class=\"elementor-widget-container\">\n\t\t\t\t\t\t\t\t<div class=\"elementor-text-editor elementor-clearfix\">\n\t\t\t\t<div class=\"col-md-2 col-sm-4 p_a_10 mobil_sagsol f_kalin\"><strong>Account Holder:<\/strong> Ayaz Da\u011f\u0131t\u0131m D\u0131\u015f Tic.Ltd.\u015eti.<\/div>\n<div>\n<div class=\"col-md-4 col-sm-4 p_a_10 mobil_sagsol f_kalin\"><strong>Branch Name &#8211; Code:<\/strong> Yenibosna Radar \u015eubesi &#8211; 1150<\/div>\n<div>\n<div class=\"col-md-4 col-sm-4 p_a_10 mobil_sagsol f_kalin\"><strong>TL Account No:<\/strong> 95483052<\/div>\n<\/div>\n<\/div>\n\t\t\t\t\t<\/div>\n\t\t\t\t\t\t<\/div>\n\t\t\t\t<\/div>\n\t\t\t\t\t\t<\/div>\n\t\t\t\t\t<\/div>\n\t\t<\/div>\n\t\t\t\t<div class=\"elementor-column elementor-col-33 elementor-top-column elementor-element elementor-element-2bc80cd sc_layouts_column_icons_position_left\" data-id=\"2bc80cd\" data-element_type=\"column\">\n\t\t\t<div class=\"elementor-column-wrap elementor-element-populated\">\n\t\t\t\t\t\t\t<div class=\"elementor-widget-wrap\">\n\t\t\t\t\t\t<div class=\"elementor-element elementor-element-ee38636 elementor-widget elementor-widget-text-editor\" data-id=\"ee38636\" data-element_type=\"widget\" data-widget_type=\"text-editor.default\">\n\t\t\t\t<div class=\"elementor-widget-container\">\n\t\t\t\t\t\t\t\t<div class=\"elementor-text-editor elementor-clearfix\">\n\t\t\t\t<div class=\"col-md-4 col-sm-4 p_a_10 mobil_sagsol f_kalin\"><strong>TL IBAN No<\/strong><\/div>\n<div class=\"col-md-8 col-sm-8 p_a_10\">TR52 0006 7010 0000 0095 4830 52<\/div>\n\t\t\t\t\t<\/div>\n\t\t\t\t\t\t<\/div>\n\t\t\t\t<\/div>\n\t\t\t\t\t\t<\/div>\n\t\t\t\t\t<\/div>\n\t\t<\/div>\n\t\t\t\t\t\t\t\t<\/div>\n\t\t\t\t\t<\/div>\n\t\t<\/section>\n\t\t\t\t<section class=\"elementor-section elementor-top-section elementor-element elementor-element-b363848 elementor-section-boxed elementor-section-height-default elementor-section-height-default\" data-id=\"b363848\" data-element_type=\"section\">\n\t\t\t\t\t\t<div class=\"elementor-container elementor-column-gap-extended\">\n\t\t\t\t\t\t\t<div class=\"elementor-row\">\n\t\t\t\t\t<div class=\"elementor-column elementor-col-100 elementor-top-column elementor-element elementor-element-040443e sc_layouts_column_icons_position_left\" data-id=\"040443e\" data-element_type=\"column\">\n\t\t\t<div class=\"elementor-column-wrap elementor-element-populated\">\n\t\t\t\t\t\t\t<div class=\"elementor-widget-wrap\">\n\t\t\t\t\t\t<div class=\"elementor-element elementor-element-af6312d elementor-widget-divider--view-line elementor-widget elementor-widget-divider\" data-id=\"af6312d\" data-element_type=\"widget\" data-widget_type=\"divider.default\">\n\t\t\t\t<div class=\"elementor-widget-container\">\n\t\t\t\t\t<div class=\"elementor-divider\">\n\t\t\t<span class=\"elementor-divider-separator\">\n\t\t\t\t\t\t<\/span>\n\t\t<\/div>\n\t\t\t\t<\/div>\n\t\t\t\t<\/div>\n\t\t\t\t\t\t<\/div>\n\t\t\t\t\t<\/div>\n\t\t<\/div>\n\t\t\t\t\t\t\t\t<\/div>\n\t\t\t\t\t<\/div>\n\t\t<\/section>\n\t\t\t\t<section class=\"elementor-section elementor-top-section elementor-element elementor-element-fb35e38 elementor-section-boxed elementor-section-height-default elementor-section-height-default\" data-id=\"fb35e38\" data-element_type=\"section\">\n\t\t\t\t\t\t<div class=\"elementor-container elementor-column-gap-extended\">\n\t\t\t\t\t\t\t<div class=\"elementor-row\">\n\t\t\t\t\t<div class=\"elementor-column elementor-col-33 elementor-top-column elementor-element elementor-element-e6f4e71 sc_layouts_column_icons_position_left\" data-id=\"e6f4e71\" data-element_type=\"column\">\n\t\t\t<div class=\"elementor-column-wrap elementor-element-populated\">\n\t\t\t\t\t\t\t<div class=\"elementor-widget-wrap\">\n\t\t\t\t\t\t<div class=\"elementor-element elementor-element-e44e9ba elementor-widget elementor-widget-image\" data-id=\"e44e9ba\" data-element_type=\"widget\" data-widget_type=\"image.default\">\n\t\t\t\t<div class=\"elementor-widget-container\">\n\t\t\t\t\t\t\t\t<div class=\"elementor-image\">\n\t\t\t\t\t\t\t\t\t\t\t\t<img decoding=\"async\" width=\"105\" height=\"35\" src=\"https:\/\/gidapaketi.com.tr\/wp-content\/uploads\/2022\/10\/banka_6.gif\" class=\"attachment-large size-large wp-image-2500\" alt=\"\" loading=\"lazy\" \/>\t\t\t\t\t\t\t\t\t\t\t\t\t\t<\/div>\n\t\t\t\t\t\t<\/div>\n\t\t\t\t<\/div>\n\t\t\t\t\t\t<\/div>\n\t\t\t\t\t<\/div>\n\t\t<\/div>\n\t\t\t\t<div class=\"elementor-column elementor-col-33 elementor-top-column elementor-element elementor-element-8415cd7 sc_layouts_column_icons_position_left\" data-id=\"8415cd7\" data-element_type=\"column\">\n\t\t\t<div class=\"elementor-column-wrap elementor-element-populated\">\n\t\t\t\t\t\t\t<div class=\"elementor-widget-wrap\">\n\t\t\t\t\t\t<div class=\"elementor-element elementor-element-0b362e7 elementor-widget elementor-widget-text-editor\" data-id=\"0b362e7\" data-element_type=\"widget\" data-widget_type=\"text-editor.default\">\n\t\t\t\t<div class=\"elementor-widget-container\">\n\t\t\t\t\t\t\t\t<div class=\"elementor-text-editor elementor-clearfix\">\n\t\t\t\t<div class=\"col-md-2 col-sm-4 p_a_10 mobil_sagsol f_kalin\"><strong>Account Holder:<\/strong> Ayaz Da\u011f\u0131t\u0131m D\u0131\u015f Tic.Ltd.\u015eti.<\/div>\n<div>\n<div class=\"col-md-4 col-sm-4 p_a_10 mobil_sagsol f_kalin\"><strong>Branch Name &#8211; Code:<\/strong> Silivri &#8211; 4020<\/div>\n<div>\n<div class=\"col-md-4 col-sm-4 p_a_10 mobil_sagsol f_kalin\"><strong>TL Account No: <\/strong>11638674-351<\/p>\n<div class=\"col-md-6 col-sm-12\"> <\/div>\n<\/div>\n<\/div>\n<\/div>\n\t\t\t\t\t<\/div>\n\t\t\t\t\t\t<\/div>\n\t\t\t\t<\/div>\n\t\t\t\t\t\t<\/div>\n\t\t\t\t\t<\/div>\n\t\t<\/div>\n\t\t\t\t<div class=\"elementor-column elementor-col-33 elementor-top-column elementor-element elementor-element-0611a90 sc_layouts_column_icons_position_left\" data-id=\"0611a90\" data-element_type=\"column\">\n\t\t\t<div class=\"elementor-column-wrap elementor-element-populated\">\n\t\t\t\t\t\t\t<div class=\"elementor-widget-wrap\">\n\t\t\t\t\t\t<div class=\"elementor-element elementor-element-17c083c elementor-widget elementor-widget-text-editor\" data-id=\"17c083c\" data-element_type=\"widget\" data-widget_type=\"text-editor.default\">\n\t\t\t\t<div class=\"elementor-widget-container\">\n\t\t\t\t\t\t\t\t<div class=\"elementor-text-editor elementor-clearfix\">\n\t\t\t\t<div class=\"col-md-4 col-sm-4 p_a_10 mobil_sagsol f_kalin\"><strong>TL IBAN No<\/strong><\/div>\n<div class=\"col-md-8 col-sm-8 p_a_10\">\n<div class=\"col-md-6 col-sm-12\">\n<div class=\"col-md-8 col-sm-8 p_a_10\">TR19 0013 4000 0116 3867 4000 01<\/div>\n<\/div>\n<\/div>\n\t\t\t\t\t<\/div>\n\t\t\t\t\t\t<\/div>\n\t\t\t\t<\/div>\n\t\t\t\t\t\t<\/div>\n\t\t\t\t\t<\/div>\n\t\t<\/div>\n\t\t\t\t\t\t\t\t<\/div>\n\t\t\t\t\t<\/div>\n\t\t<\/section>\n\t\t\t\t<section class=\"elementor-section elementor-top-section elementor-element elementor-element-e813343 elementor-section-boxed elementor-section-height-default elementor-section-height-default\" data-id=\"e813343\" data-element_type=\"section\">\n\t\t\t\t\t\t<div class=\"elementor-container elementor-column-gap-extended\">\n\t\t\t\t\t\t\t<div class=\"elementor-row\">\n\t\t\t\t\t<div class=\"elementor-column elementor-col-100 elementor-top-column elementor-element elementor-element-0b8d12a sc_layouts_column_icons_position_left\" data-id=\"0b8d12a\" data-element_type=\"column\">\n\t\t\t<div class=\"elementor-column-wrap elementor-element-populated\">\n\t\t\t\t\t\t\t<div class=\"elementor-widget-wrap\">\n\t\t\t\t\t\t<div class=\"elementor-element elementor-element-792a073 elementor-widget-divider--view-line elementor-widget elementor-widget-divider\" data-id=\"792a073\" data-element_type=\"widget\" data-widget_type=\"divider.default\">\n\t\t\t\t<div class=\"elementor-widget-container\">\n\t\t\t\t\t<div class=\"elementor-divider\">\n\t\t\t<span class=\"elementor-divider-separator\">\n\t\t\t\t\t\t<\/span>\n\t\t<\/div>\n\t\t\t\t<\/div>\n\t\t\t\t<\/div>\n\t\t\t\t\t\t<\/div>\n\t\t\t\t\t<\/div>\n\t\t<\/div>\n\t\t\t\t\t\t\t\t<\/div>\n\t\t\t\t\t<\/div>\n\t\t<\/section>\n\t\t\t\t<section class=\"elementor-section elementor-top-section elementor-element elementor-element-bec2986 elementor-section-boxed elementor-section-height-default elementor-section-height-default\" data-id=\"bec2986\" data-element_type=\"section\">\n\t\t\t\t\t\t<div class=\"elementor-container elementor-column-gap-extended\">\n\t\t\t\t\t\t\t<div class=\"elementor-row\">\n\t\t\t\t\t<div class=\"elementor-column elementor-col-33 elementor-top-column elementor-element elementor-element-1ae29b1 sc_layouts_column_icons_position_left\" data-id=\"1ae29b1\" data-element_type=\"column\">\n\t\t\t<div class=\"elementor-column-wrap elementor-element-populated\">\n\t\t\t\t\t\t\t<div class=\"elementor-widget-wrap\">\n\t\t\t\t\t\t<div class=\"elementor-element elementor-element-3438052 elementor-widget elementor-widget-image\" data-id=\"3438052\" data-element_type=\"widget\" data-widget_type=\"image.default\">\n\t\t\t\t<div class=\"elementor-widget-container\">\n\t\t\t\t\t\t\t\t<div class=\"elementor-image\">\n\t\t\t\t\t\t\t\t\t\t\t\t<img decoding=\"async\" width=\"105\" height=\"35\" src=\"https:\/\/gidapaketi.com.tr\/wp-content\/uploads\/2022\/10\/banka_14.gif\" class=\"attachment-large size-large wp-image-2501\" alt=\"\" loading=\"lazy\" \/>\t\t\t\t\t\t\t\t\t\t\t\t\t\t<\/div>\n\t\t\t\t\t\t<\/div>\n\t\t\t\t<\/div>\n\t\t\t\t\t\t<\/div>\n\t\t\t\t\t<\/div>\n\t\t<\/div>\n\t\t\t\t<div class=\"elementor-column elementor-col-33 elementor-top-column elementor-element elementor-element-1b27d26 sc_layouts_column_icons_position_left\" data-id=\"1b27d26\" data-element_type=\"column\">\n\t\t\t<div class=\"elementor-column-wrap elementor-element-populated\">\n\t\t\t\t\t\t\t<div class=\"elementor-widget-wrap\">\n\t\t\t\t\t\t<div class=\"elementor-element elementor-element-8b3e054 elementor-widget elementor-widget-text-editor\" data-id=\"8b3e054\" data-element_type=\"widget\" data-widget_type=\"text-editor.default\">\n\t\t\t\t<div class=\"elementor-widget-container\">\n\t\t\t\t\t\t\t\t<div class=\"elementor-text-editor elementor-clearfix\">\n\t\t\t\t<div class=\"col-md-2 col-sm-4 p_a_10 mobil_sagsol f_kalin\"><strong>Account Holder:<\/strong> Ayaz Da\u011f\u0131t\u0131m D\u0131\u015f Tic.Ltd.\u015eti.<\/div>\n<div>\n<div class=\"col-md-4 col-sm-4 p_a_10 mobil_sagsol f_kalin\"><strong>Branch Name &#8211; Code:<\/strong> Arena Park AVM \u015eubesi &#8211; 1456<\/div>\n<div>\n<div class=\"col-md-4 col-sm-4 p_a_10 mobil_sagsol f_kalin\"><strong>TL Account No:<\/strong> 0086863<\/div>\n<\/div>\n<\/div>\n\t\t\t\t\t<\/div>\n\t\t\t\t\t\t<\/div>\n\t\t\t\t<\/div>\n\t\t\t\t\t\t<\/div>\n\t\t\t\t\t<\/div>\n\t\t<\/div>\n\t\t\t\t<div class=\"elementor-column elementor-col-33 elementor-top-column elementor-element elementor-element-afbd827 sc_layouts_column_icons_position_left\" data-id=\"afbd827\" data-element_type=\"column\">\n\t\t\t<div class=\"elementor-column-wrap elementor-element-populated\">\n\t\t\t\t\t\t\t<div class=\"elementor-widget-wrap\">\n\t\t\t\t\t\t<div class=\"elementor-element elementor-element-74076aa elementor-widget elementor-widget-text-editor\" data-id=\"74076aa\" data-element_type=\"widget\" data-widget_type=\"text-editor.default\">\n\t\t\t\t<div class=\"elementor-widget-container\">\n\t\t\t\t\t\t\t\t<div class=\"elementor-text-editor elementor-clearfix\">\n\t\t\t\t<div class=\"col-md-4 col-sm-4 p_a_10 mobil_sagsol f_kalin\"><strong>TL IBAN No<\/strong><\/div>\n<div class=\"col-md-8 col-sm-8 p_a_10\">TR61 0006 4000 0011 4560 0868 63<\/div>\n\t\t\t\t\t<\/div>\n\t\t\t\t\t\t<\/div>\n\t\t\t\t<\/div>\n\t\t\t\t\t\t<\/div>\n\t\t\t\t\t<\/div>\n\t\t<\/div>\n\t\t\t\t\t\t\t\t<\/div>\n\t\t\t\t\t<\/div>\n\t\t<\/section>\n\t\t\t\t<section class=\"elementor-section elementor-top-section elementor-element elementor-element-a4b05e3 elementor-section-boxed elementor-section-height-default elementor-section-height-default\" data-id=\"a4b05e3\" data-element_type=\"section\">\n\t\t\t\t\t\t<div class=\"elementor-container elementor-column-gap-extended\">\n\t\t\t\t\t\t\t<div class=\"elementor-row\">\n\t\t\t\t\t<div class=\"elementor-column elementor-col-100 elementor-top-column elementor-element elementor-element-ee8ce69 sc_layouts_column_icons_position_left\" data-id=\"ee8ce69\" data-element_type=\"column\">\n\t\t\t<div class=\"elementor-column-wrap elementor-element-populated\">\n\t\t\t\t\t\t\t<div class=\"elementor-widget-wrap\">\n\t\t\t\t\t\t<div class=\"elementor-element elementor-element-7080c67 elementor-widget-divider--view-line elementor-widget elementor-widget-divider\" data-id=\"7080c67\" data-element_type=\"widget\" data-widget_type=\"divider.default\">\n\t\t\t\t<div class=\"elementor-widget-container\">\n\t\t\t\t\t<div class=\"elementor-divider\">\n\t\t\t<span class=\"elementor-divider-separator\">\n\t\t\t\t\t\t<\/span>\n\t\t<\/div>\n\t\t\t\t<\/div>\n\t\t\t\t<\/div>\n\t\t\t\t\t\t<\/div>\n\t\t\t\t\t<\/div>\n\t\t<\/div>\n\t\t\t\t\t\t\t\t<\/div>\n\t\t\t\t\t<\/div>\n\t\t<\/section>\n\t\t\t\t<section class=\"elementor-section elementor-top-section elementor-element elementor-element-a08b058 elementor-section-boxed elementor-section-height-default elementor-section-height-default\" data-id=\"a08b058\" data-element_type=\"section\">\n\t\t\t\t\t\t<div class=\"elementor-container elementor-column-gap-extended\">\n\t\t\t\t\t\t\t<div class=\"elementor-row\">\n\t\t\t\t\t<div class=\"elementor-column elementor-col-33 elementor-top-column elementor-element elementor-element-f08a728 sc_layouts_column_icons_position_left\" data-id=\"f08a728\" data-element_type=\"column\">\n\t\t\t<div class=\"elementor-column-wrap elementor-element-populated\">\n\t\t\t\t\t\t\t<div class=\"elementor-widget-wrap\">\n\t\t\t\t\t\t<div class=\"elementor-element elementor-element-1c7b829 elementor-widget elementor-widget-image\" data-id=\"1c7b829\" data-element_type=\"widget\" data-widget_type=\"image.default\">\n\t\t\t\t<div class=\"elementor-widget-container\">\n\t\t\t\t\t\t\t\t<div class=\"elementor-image\">\n\t\t\t\t\t\t\t\t\t\t\t\t<img decoding=\"async\" width=\"105\" height=\"35\" src=\"https:\/\/gidapaketi.com.tr\/wp-content\/uploads\/2022\/10\/banka_1.gif\" class=\"attachment-large size-large wp-image-2502\" alt=\"\" loading=\"lazy\" \/>\t\t\t\t\t\t\t\t\t\t\t\t\t\t<\/div>\n\t\t\t\t\t\t<\/div>\n\t\t\t\t<\/div>\n\t\t\t\t\t\t<\/div>\n\t\t\t\t\t<\/div>\n\t\t<\/div>\n\t\t\t\t<div class=\"elementor-column elementor-col-33 elementor-top-column elementor-element elementor-element-f95bde2 sc_layouts_column_icons_position_left\" data-id=\"f95bde2\" data-element_type=\"column\">\n\t\t\t<div class=\"elementor-column-wrap elementor-element-populated\">\n\t\t\t\t\t\t\t<div class=\"elementor-widget-wrap\">\n\t\t\t\t\t\t<div class=\"elementor-element elementor-element-4615974 elementor-widget elementor-widget-text-editor\" data-id=\"4615974\" data-element_type=\"widget\" data-widget_type=\"text-editor.default\">\n\t\t\t\t<div class=\"elementor-widget-container\">\n\t\t\t\t\t\t\t\t<div class=\"elementor-text-editor elementor-clearfix\">\n\t\t\t\t<div class=\"col-md-2 col-sm-4 p_a_10 mobil_sagsol f_kalin\"><strong>Account Holder:<\/strong> Ayaz Da\u011f\u0131t\u0131m D\u0131\u015f Tic.Ltd.\u015eti.<\/div>\n<div>\n<div class=\"col-md-4 col-sm-4 p_a_10 mobil_sagsol f_kalin\"><strong>Branch Name &#8211; Code:<\/strong> Esenkent \u015eubesi &#8211; 1048<\/div>\n<div>\n<div class=\"col-md-4 col-sm-4 p_a_10 mobil_sagsol f_kalin\"><strong>TL Account No:<\/strong> 0028801<\/div>\n<\/div>\n<\/div>\n\t\t\t\t\t<\/div>\n\t\t\t\t\t\t<\/div>\n\t\t\t\t<\/div>\n\t\t\t\t\t\t<\/div>\n\t\t\t\t\t<\/div>\n\t\t<\/div>\n\t\t\t\t<div class=\"elementor-column elementor-col-33 elementor-top-column elementor-element elementor-element-5c54b3c sc_layouts_column_icons_position_left\" data-id=\"5c54b3c\" data-element_type=\"column\">\n\t\t\t<div class=\"elementor-column-wrap elementor-element-populated\">\n\t\t\t\t\t\t\t<div class=\"elementor-widget-wrap\">\n\t\t\t\t\t\t<div class=\"elementor-element elementor-element-2533ce7 elementor-widget elementor-widget-text-editor\" data-id=\"2533ce7\" data-element_type=\"widget\" data-widget_type=\"text-editor.default\">\n\t\t\t\t<div class=\"elementor-widget-container\">\n\t\t\t\t\t\t\t\t<div class=\"elementor-text-editor elementor-clearfix\">\n\t\t\t\t<div class=\"col-md-4 col-sm-4 p_a_10 mobil_sagsol f_kalin\"><strong>TL IBAN No<\/strong><\/div>\n<div class=\"col-md-8 col-sm-8 p_a_10\">TR61 0004 6010 4888 8000 0288 01<\/div>\n\t\t\t\t\t<\/div>\n\t\t\t\t\t\t<\/div>\n\t\t\t\t<\/div>\n\t\t\t\t\t\t<\/div>\n\t\t\t\t\t<\/div>\n\t\t<\/div>\n\t\t\t\t\t\t\t\t<\/div>\n\t\t\t\t\t<\/div>\n\t\t<\/section>\n\t\t\t\t\t\t\t\t\t<\/div>\n\t\t\t<\/div>\n\t\t\t\t\t<\/div>\n\t\t","protected":false},"excerpt":{"rendered":"<p>Account Holder: Ayaz Da\u011f\u0131t\u0131m D\u0131\u015f Tic.Ltd.\u015eti. Branch Name &#8211; Code: Yenibosna Radar \u015eubesi &#8211; 1150 TL Account No: 95483052 TL IBAN No TR52 0006 7010 0000 0095 4830 52 Account Holder: Ayaz Da\u011f\u0131t\u0131m D\u0131\u015f Tic.Ltd.\u015eti. Branch Name &#8211; Code: Silivri &#8211; 4020 TL Account No: 11638674-351&hellip;<\/p>\n","protected":false},"author":1,"featured_media":0,"parent":0,"menu_order":0,"comment_status":"closed","ping_status":"closed","template":"","meta":[],"_links":{"self":[{"href":"https:\/\/gidapaketi.com.tr\/en\/wp-json\/wp\/v2\/pages\/3737"}],"collection":[{"href":"https:\/\/gidapaketi.com.tr\/en\/wp-json\/wp\/v2\/pages"}],"about":[{"href":"https:\/\/gidapaketi.com.tr\/en\/wp-json\/wp\/v2\/types\/page"}],"author":[{"embeddable":true,"href":"https:\/\/gidapaketi.com.tr\/en\/wp-json\/wp\/v2\/users\/1"}],"replies":[{"embeddable":true,"href":"https:\/\/gidapaketi.com.tr\/en\/wp-json\/wp\/v2\/comments?post=3737"}],"version-history":[{"count":3,"href":"https:\/\/gidapaketi.com.tr\/en\/wp-json\/wp\/v2\/pages\/3737\/revisions"}],"predecessor-version":[{"id":6689,"href":"https:\/\/gidapaketi.com.tr\/en\/wp-json\/wp\/v2\/pages\/3737\/revisions\/6689"}],"wp:attachment":[{"href":"https:\/\/gidapaketi.com.tr\/en\/wp-json\/wp\/v2\/media?parent=3737"}],"curies":[{"name":"wp","href":"https:\/\/api.w.org\/{rel}","templated":true}]}}